{"id":3818,"date":"2023-06-16T21:43:30","date_gmt":"2023-06-16T19:43:30","guid":{"rendered":"https:\/\/janoplt.com\/portfolio\/"},"modified":"2023-07-09T11:14:59","modified_gmt":"2023-07-09T09:14:59","slug":"portfolio","status":"publish","type":"page","link":"https:\/\/janoplt.com\/en\/portfolio\/","title":{"rendered":"Portfolio"},"content":{"rendered":"\t\t<div data-elementor-type=\"wp-page\" data-elementor-id=\"3818\" class=\"elementor elementor-3818 elementor-2443\">\n\t\t\t\t\t\t\t\t\t<section class=\"elementor-section elementor-top-section elementor-element elementor-element-4dab57f elementor-section-boxed elementor-section-height-default elementor-section-height-default\" data-id=\"4dab57f\" data-element_type=\"section\">\n\t\t\t\t\t\t<div class=\"elementor-container elementor-column-gap-default\">\n\t\t\t\t\t<div class=\"elementor-column elementor-col-100 elementor-top-column elementor-element elementor-element-0de3393\" data-id=\"0de3393\" data-element_type=\"column\">\n\t\t\t<div class=\"elementor-widget-wrap elementor-element-populated\">\n\t\t\t\t\t\t\t\t<div class=\"elementor-element elementor-element-af6dd63 elementor-widget elementor-widget-heading\" data-id=\"af6dd63\" data-element_type=\"widget\" data-widget_type=\"heading.default\">\n\t\t\t\t<div class=\"elementor-widget-container\">\n\t\t\t<style>\/*! elementor - v3.14.0 - 26-06-2023 *\/\n.elementor-heading-title{padding:0;margin:0;line-height:1}.elementor-widget-heading .elementor-heading-title[class*=elementor-size-]>a{color:inherit;font-size:inherit;line-height:inherit}.elementor-widget-heading .elementor-heading-title.elementor-size-small{font-size:15px}.elementor-widget-heading .elementor-heading-title.elementor-size-medium{font-size:19px}.elementor-widget-heading .elementor-heading-title.elementor-size-large{font-size:29px}.elementor-widget-heading .elementor-heading-title.elementor-size-xl{font-size:39px}.elementor-widget-heading .elementor-heading-title.elementor-size-xxl{font-size:59px}<\/style><h2 class=\"elementor-heading-title elementor-size-default\">Portfolio:<\/h2>\t\t<\/div>\n\t\t\t\t<\/div>\n\t\t\t\t<div class=\"elementor-element elementor-element-f8268b5 elementor-widget__width-initial elementor-widget elementor-widget-text-editor\" data-id=\"f8268b5\" data-element_type=\"widget\" data-widget_type=\"text-editor.default\">\n\t\t\t\t<div class=\"elementor-widget-container\">\n\t\t\t<style>\/*! elementor - v3.14.0 - 26-06-2023 *\/\n.elementor-widget-text-editor.elementor-drop-cap-view-stacked .elementor-drop-cap{background-color:#69727d;color:#fff}.elementor-widget-text-editor.elementor-drop-cap-view-framed .elementor-drop-cap{color:#69727d;border:3px solid;background-color:transparent}.elementor-widget-text-editor:not(.elementor-drop-cap-view-default) .elementor-drop-cap{margin-top:8px}.elementor-widget-text-editor:not(.elementor-drop-cap-view-default) .elementor-drop-cap-letter{width:1em;height:1em}.elementor-widget-text-editor .elementor-drop-cap{float:left;text-align:center;line-height:1;font-size:50px}.elementor-widget-text-editor .elementor-drop-cap-letter{display:inline-block}<\/style>\t\t\t\t<p>Here you can find a portfolio of my best visual work from 2016. There are themes here that I have felt the need to flesh out into these smaller or larger series over the years. Many of them are very meaningful to me and they were often created with models I know personally, women and girls from my close surroundings, whom I thank incredibly for their cooperation and realization of often very unconventional and bold motifs.<\/p>\n\t\t\t\t\t\t<\/div>\n\t\t\t\t<\/div>\n\t\t\t\t\t<\/div>\n\t\t<\/div>\n\t\t\t\t\t\t\t<\/div>\n\t\t<\/section>\n\t\t\t\t<section class=\"elementor-section elementor-top-section elementor-element elementor-element-dbe1356 elementor-section-boxed elementor-section-height-default elementor-section-height-default\" data-id=\"dbe1356\" data-element_type=\"section\">\n\t\t\t\t\t\t<div class=\"elementor-container elementor-column-gap-default\">\n\t\t\t\t\t<div class=\"elementor-column elementor-col-100 elementor-top-column elementor-element elementor-element-6c06806\" data-id=\"6c06806\" data-element_type=\"column\">\n\t\t\t<div class=\"elementor-widget-wrap elementor-element-populated\">\n\t\t\t\t\t\t\t\t<div class=\"elementor-element elementor-element-1ee59d9 section-align-left animated-slow elementor-invisible elementor-widget elementor-widget-portfolio-grid\" data-id=\"1ee59d9\" data-element_type=\"widget\" data-settings=\"{&quot;_animation&quot;:&quot;zoomIn&quot;}\" data-widget_type=\"portfolio-grid.default\">\n\t\t\t\t<div class=\"elementor-widget-container\">\n\t\t\t<div class=\"portfolio-grid-container lightgallery-container portfolio-gridblock-columns-wrap\"><div id=\"gridblock-container\" class=\"portfolio-gutter-spaced    has-effect-zoom grid-style-classic gridblock-three clearfix\" data-columns=\"3\"><div class=\"gridblock-element grid-animate-display-all isotope-displayed gridblock-element-id-3853 gridblock-element-order-1  gridblock-filterable filter-14 filter-12 filter-17 \" data-portfolio=\"portfolio-3853\" data-id=\"id-2\"><div class=\"gridblock-grid-element gridblock-element-inner\" data-portfolioid=\"3853\"><div class=\"mtheme-post-like-wrap\"><div class=\"mtheme-post-like \"><div class=\"post-link-count-wrap\" data-count_id=\"3853\"><span class=\"post-like-count\">0<\/span><\/div><span class=\"vote-ready\" data-post_id=\"3853\">\n\t\t\t\t\t<span class=\"mtheme-like like-vote-icon like-notvoted animation-standby animated\"><i class=\"vote-like-icon ion-ios-heart-outline\"><\/i><\/span>\n\t\t\t\t\t<\/span><\/div><\/div><div class=\"gridblock-background-hover\"><a  class=\"gridblock-sole-link\" href=\"https:\/\/janoplt.com\/en\/portfolios\/series-vampire\/\"><div class=\"gridblock-links-wrap box-title-\"><span class=\"column-gridblock-icon\"><span class=\"hover-icon-effect\"><i class=\"ion-ios-plus-empty\"><\/i><\/span><\/span><\/div><\/a><\/div><img decoding=\"async\" src=\"https:\/\/janoplt.com\/wp-content\/themes\/blacksilver\/images\/placeholders\/placeholder-770x550.gif\" data-src=\"https:\/\/janoplt.com\/wp-content\/uploads\/2023\/06\/5Y0A8962-Edit-3-770x550.jpg\" alt=\"\" class=\"displayed-image lazyload\"\/><\/div><div class=\"work-details\"><h4><a  href=\"https:\/\/janoplt.com\/en\/portfolios\/series-vampire\/\">Series &#8220;Vampire&#8221;<\/a><\/h4><p class=\"entry-content work-description\"><\/p><\/div><\/div><div class=\"gridblock-element grid-animate-display-all isotope-displayed gridblock-element-id-3873 gridblock-element-order-2  gridblock-filterable filter-16 filter-12 \" data-portfolio=\"portfolio-3873\" data-id=\"id-3\"><div class=\"gridblock-grid-element gridblock-element-inner\" data-portfolioid=\"3873\"><div class=\"mtheme-post-like-wrap\"><div class=\"mtheme-post-like \"><div class=\"post-link-count-wrap\" data-count_id=\"3873\"><span class=\"post-like-count\">0<\/span><\/div><span class=\"vote-ready\" data-post_id=\"3873\">\n\t\t\t\t\t<span class=\"mtheme-like like-vote-icon like-notvoted animation-standby animated\"><i class=\"vote-like-icon ion-ios-heart-outline\"><\/i><\/span>\n\t\t\t\t\t<\/span><\/div><\/div><div class=\"gridblock-background-hover\"><a  class=\"gridblock-sole-link\" href=\"https:\/\/janoplt.com\/en\/portfolios\/portfolio-of-portraits\/\"><div class=\"gridblock-links-wrap box-title-\"><span class=\"column-gridblock-icon\"><span class=\"hover-icon-effect\"><i class=\"ion-ios-plus-empty\"><\/i><\/span><\/span><\/div><\/a><\/div><img decoding=\"async\" src=\"https:\/\/janoplt.com\/wp-content\/themes\/blacksilver\/images\/placeholders\/placeholder-770x550.gif\" data-src=\"https:\/\/janoplt.com\/wp-content\/uploads\/2023\/06\/5Y0A5528-Edit-2-Velke-770x550.jpg\" alt=\"\" class=\"displayed-image lazyload\"\/><\/div><div class=\"work-details\"><h4><a  href=\"https:\/\/janoplt.com\/en\/portfolios\/portfolio-of-portraits\/\">Portfolio of portraits<\/a><\/h4><p class=\"entry-content work-description\"><\/p><\/div><\/div><div class=\"gridblock-element grid-animate-display-all isotope-displayed gridblock-element-id-3871 gridblock-element-order-3  gridblock-filterable filter-16 filter-13 filter-15 \" data-portfolio=\"portfolio-3871\" data-id=\"id-4\"><div class=\"gridblock-grid-element gridblock-element-inner\" data-portfolioid=\"3871\"><div class=\"mtheme-post-like-wrap\"><div class=\"mtheme-post-like \"><div class=\"post-link-count-wrap\" data-count_id=\"3871\"><span class=\"post-like-count\">0<\/span><\/div><span class=\"vote-ready\" data-post_id=\"3871\">\n\t\t\t\t\t<span class=\"mtheme-like like-vote-icon like-notvoted animation-standby animated\"><i class=\"vote-like-icon ion-ios-heart-outline\"><\/i><\/span>\n\t\t\t\t\t<\/span><\/div><\/div><div class=\"gridblock-background-hover\"><a  class=\"gridblock-sole-link\" href=\"https:\/\/janoplt.com\/en\/portfolios\/series-soul\/\"><div class=\"gridblock-links-wrap box-title-\"><span class=\"column-gridblock-icon\"><span class=\"hover-icon-effect\"><i class=\"ion-ios-plus-empty\"><\/i><\/span><\/span><\/div><\/a><\/div><img decoding=\"async\" src=\"https:\/\/janoplt.com\/wp-content\/themes\/blacksilver\/images\/placeholders\/placeholder-770x550.gif\" data-src=\"https:\/\/janoplt.com\/wp-content\/uploads\/2023\/06\/IMG_6250-Edit-4-1-e1687131687820-770x550.jpg\" alt=\"\" class=\"displayed-image lazyload\"\/><\/div><div class=\"work-details\"><h4><a  href=\"https:\/\/janoplt.com\/en\/portfolios\/series-soul\/\">Series &#8220;Soul&#8221;<\/a><\/h4><p class=\"entry-content work-description\"><\/p><\/div><\/div><div class=\"gridblock-element grid-animate-display-all isotope-displayed gridblock-element-id-3851 gridblock-element-order-4  gridblock-filterable filter-14 filter-12 filter-17 filter-15 \" data-portfolio=\"portfolio-3851\" data-id=\"id-5\"><div class=\"gridblock-grid-element gridblock-element-inner\" data-portfolioid=\"3851\"><div class=\"mtheme-post-like-wrap\"><div class=\"mtheme-post-like \"><div class=\"post-link-count-wrap\" data-count_id=\"3851\"><span class=\"post-like-count\">0<\/span><\/div><span class=\"vote-ready\" data-post_id=\"3851\">\n\t\t\t\t\t<span class=\"mtheme-like like-vote-icon like-notvoted animation-standby animated\"><i class=\"vote-like-icon ion-ios-heart-outline\"><\/i><\/span>\n\t\t\t\t\t<\/span><\/div><\/div><div class=\"gridblock-background-hover\"><a  class=\"gridblock-sole-link\" href=\"https:\/\/janoplt.com\/en\/portfolios\/series-warrior-women\/\"><div class=\"gridblock-links-wrap box-title-\"><span class=\"column-gridblock-icon\"><span class=\"hover-icon-effect\"><i class=\"ion-ios-plus-empty\"><\/i><\/span><\/span><\/div><\/a><\/div><img decoding=\"async\" src=\"https:\/\/janoplt.com\/wp-content\/themes\/blacksilver\/images\/placeholders\/placeholder-770x550.gif\" data-src=\"https:\/\/janoplt.com\/wp-content\/uploads\/2023\/06\/5Y0A3013-Edit-3-770x550.jpg\" alt=\"\" class=\"displayed-image lazyload\"\/><\/div><div class=\"work-details\"><h4><a  href=\"https:\/\/janoplt.com\/en\/portfolios\/series-warrior-women\/\">Series &#8220;Warrior Women&#8221;<\/a><\/h4><p class=\"entry-content work-description\"><\/p><\/div><\/div><div class=\"gridblock-element grid-animate-display-all isotope-displayed gridblock-element-id-3860 gridblock-element-order-5  gridblock-filterable filter-14 filter-12 filter-17 \" data-portfolio=\"portfolio-3860\" data-id=\"id-6\"><div class=\"gridblock-grid-element gridblock-element-inner\" data-portfolioid=\"3860\"><div class=\"mtheme-post-like-wrap\"><div class=\"mtheme-post-like \"><div class=\"post-link-count-wrap\" data-count_id=\"3860\"><span class=\"post-like-count\">0<\/span><\/div><span class=\"vote-ready\" data-post_id=\"3860\">\n\t\t\t\t\t<span class=\"mtheme-like like-vote-icon like-notvoted animation-standby animated\"><i class=\"vote-like-icon ion-ios-heart-outline\"><\/i><\/span>\n\t\t\t\t\t<\/span><\/div><\/div><div class=\"gridblock-background-hover\"><a  class=\"gridblock-sole-link\" href=\"https:\/\/janoplt.com\/en\/portfolios\/the-day-after-series\/\"><div class=\"gridblock-links-wrap box-title-\"><span class=\"column-gridblock-icon\"><span class=\"hover-icon-effect\"><i class=\"ion-ios-plus-empty\"><\/i><\/span><\/span><\/div><\/a><\/div><img decoding=\"async\" src=\"https:\/\/janoplt.com\/wp-content\/themes\/blacksilver\/images\/placeholders\/placeholder-770x550.gif\" data-src=\"https:\/\/janoplt.com\/wp-content\/uploads\/2023\/06\/Upravena-maky-770x550.jpg\" alt=\"\" class=\"displayed-image lazyload\"\/><\/div><div class=\"work-details\"><h4><a  href=\"https:\/\/janoplt.com\/en\/portfolios\/the-day-after-series\/\">&#8220;The Day After&#8221; series<\/a><\/h4><p class=\"entry-content work-description\"><\/p><\/div><\/div><div class=\"gridblock-element grid-animate-display-all isotope-displayed gridblock-element-id-3872 gridblock-element-order-6  gridblock-filterable filter-13 filter-15 \" data-portfolio=\"portfolio-3872\" data-id=\"id-7\"><div class=\"gridblock-grid-element gridblock-element-inner\" data-portfolioid=\"3872\"><div class=\"mtheme-post-like-wrap\"><div class=\"mtheme-post-like \"><div class=\"post-link-count-wrap\" data-count_id=\"3872\"><span class=\"post-like-count\">0<\/span><\/div><span class=\"vote-ready\" data-post_id=\"3872\">\n\t\t\t\t\t<span class=\"mtheme-like like-vote-icon like-notvoted animation-standby animated\"><i class=\"vote-like-icon ion-ios-heart-outline\"><\/i><\/span>\n\t\t\t\t\t<\/span><\/div><\/div><div class=\"gridblock-background-hover\"><a  class=\"gridblock-sole-link\" href=\"https:\/\/janoplt.com\/en\/portfolios\/series-theme-of-beauty\/\"><div class=\"gridblock-links-wrap box-title-\"><span class=\"column-gridblock-icon\"><span class=\"hover-icon-effect\"><i class=\"ion-ios-plus-empty\"><\/i><\/span><\/span><\/div><\/a><\/div><img decoding=\"async\" src=\"https:\/\/janoplt.com\/wp-content\/themes\/blacksilver\/images\/placeholders\/placeholder-770x550.gif\" data-src=\"https:\/\/janoplt.com\/wp-content\/uploads\/2024\/01\/5Y0A7308-Edit-122-770x550.jpg\" alt=\"Vnit\u0159n\u00ed kr\u00e1sa\" class=\"displayed-image lazyload\"\/><\/div><div class=\"work-details\"><h4><a  href=\"https:\/\/janoplt.com\/en\/portfolios\/series-theme-of-beauty\/\">Series &#8220;Theme of Beauty&#8221;<\/a><\/h4><p class=\"entry-content work-description\"><\/p><\/div><\/div><div class=\"gridblock-element grid-animate-display-all isotope-displayed gridblock-element-id-3850 gridblock-element-order-7  gridblock-filterable filter-14 filter-12 filter-17 filter-15 \" data-portfolio=\"portfolio-3850\" data-id=\"id-8\"><div class=\"gridblock-grid-element gridblock-element-inner\" data-portfolioid=\"3850\"><div class=\"mtheme-post-like-wrap\"><div class=\"mtheme-post-like \"><div class=\"post-link-count-wrap\" data-count_id=\"3850\"><span class=\"post-like-count\">0<\/span><\/div><span class=\"vote-ready\" data-post_id=\"3850\">\n\t\t\t\t\t<span class=\"mtheme-like like-vote-icon like-notvoted animation-standby animated\"><i class=\"vote-like-icon ion-ios-heart-outline\"><\/i><\/span>\n\t\t\t\t\t<\/span><\/div><\/div><div class=\"gridblock-background-hover\"><a  class=\"gridblock-sole-link\" href=\"https:\/\/janoplt.com\/en\/portfolios\/series-in-the-web\/\"><div class=\"gridblock-links-wrap box-title-\"><span class=\"column-gridblock-icon\"><span class=\"hover-icon-effect\"><i class=\"ion-ios-plus-empty\"><\/i><\/span><\/span><\/div><\/a><\/div><img decoding=\"async\" src=\"https:\/\/janoplt.com\/wp-content\/themes\/blacksilver\/images\/placeholders\/placeholder-770x550.gif\" data-src=\"https:\/\/janoplt.com\/wp-content\/uploads\/2023\/06\/IMG_7419-Edit-2-770x550.jpg\" alt=\"\" class=\"displayed-image lazyload\"\/><\/div><div class=\"work-details\"><h4><a  href=\"https:\/\/janoplt.com\/en\/portfolios\/series-in-the-web\/\">Photographic series &#8220;In the web&#8221;<\/a><\/h4><p class=\"entry-content work-description\"><\/p><\/div><\/div><div class=\"gridblock-element grid-animate-display-all isotope-displayed gridblock-element-id-3849 gridblock-element-order-8  gridblock-filterable filter-16 filter-15 \" data-portfolio=\"portfolio-3849\" data-id=\"id-9\"><div class=\"gridblock-grid-element gridblock-element-inner\" data-portfolioid=\"3849\"><div class=\"mtheme-post-like-wrap\"><div class=\"mtheme-post-like \"><div class=\"post-link-count-wrap\" data-count_id=\"3849\"><span class=\"post-like-count\">0<\/span><\/div><span class=\"vote-ready\" data-post_id=\"3849\">\n\t\t\t\t\t<span class=\"mtheme-like like-vote-icon like-notvoted animation-standby animated\"><i class=\"vote-like-icon ion-ios-heart-outline\"><\/i><\/span>\n\t\t\t\t\t<\/span><\/div><\/div><div class=\"gridblock-background-hover\"><a  class=\"gridblock-sole-link\" href=\"https:\/\/janoplt.com\/en\/portfolios\/series-on-the-threshold-of-hell-and-paradise\/\"><div class=\"gridblock-links-wrap box-title-\"><span class=\"column-gridblock-icon\"><span class=\"hover-icon-effect\"><i class=\"ion-ios-plus-empty\"><\/i><\/span><\/span><\/div><\/a><\/div><img decoding=\"async\" src=\"https:\/\/janoplt.com\/wp-content\/themes\/blacksilver\/images\/placeholders\/placeholder-770x550.gif\" data-src=\"https:\/\/janoplt.com\/wp-content\/uploads\/2023\/06\/5Y0A1742-Edit-1-770x550.jpg\" alt=\"\" class=\"displayed-image lazyload\"\/><\/div><div class=\"work-details\"><h4><a  href=\"https:\/\/janoplt.com\/en\/portfolios\/series-on-the-threshold-of-hell-and-paradise\/\">Series &#8220;On the threshold of hell and paradise&#8221;<\/a><\/h4><p class=\"entry-content work-description\"><\/p><\/div><\/div><div class=\"gridblock-element grid-animate-display-all isotope-displayed gridblock-element-id-3854 gridblock-element-order-9  gridblock-filterable filter-14 filter-12 filter-15 \" data-portfolio=\"portfolio-3854\" data-id=\"id-10\"><div class=\"gridblock-grid-element gridblock-element-inner\" data-portfolioid=\"3854\"><div class=\"mtheme-post-like-wrap\"><div class=\"mtheme-post-like \"><div class=\"post-link-count-wrap\" data-count_id=\"3854\"><span class=\"post-like-count\">0<\/span><\/div><span class=\"vote-ready\" data-post_id=\"3854\">\n\t\t\t\t\t<span class=\"mtheme-like like-vote-icon like-notvoted animation-standby animated\"><i class=\"vote-like-icon ion-ios-heart-outline\"><\/i><\/span>\n\t\t\t\t\t<\/span><\/div><\/div><div class=\"gridblock-background-hover\"><a  class=\"gridblock-sole-link\" href=\"https:\/\/janoplt.com\/en\/portfolios\/series-red-room\/\"><div class=\"gridblock-links-wrap box-title-\"><span class=\"column-gridblock-icon\"><span class=\"hover-icon-effect\"><i class=\"ion-ios-plus-empty\"><\/i><\/span><\/span><\/div><\/a><\/div><img decoding=\"async\" src=\"https:\/\/janoplt.com\/wp-content\/themes\/blacksilver\/images\/placeholders\/placeholder-770x550.gif\" data-src=\"https:\/\/janoplt.com\/wp-content\/uploads\/2023\/06\/5Y0A6845-Edit-770x550.jpg\" alt=\"\" class=\"displayed-image lazyload\"\/><\/div><div class=\"work-details\"><h4><a  href=\"https:\/\/janoplt.com\/en\/portfolios\/series-red-room\/\">Series &#8220;Red room&#8221;<\/a><\/h4><p class=\"entry-content work-description\"><\/p><\/div><\/div><div class=\"gridblock-element grid-animate-display-all isotope-displayed gridblock-element-id-3855 gridblock-element-order-10  gridblock-filterable filter-16 filter-13 filter-15 \" data-portfolio=\"portfolio-3855\" data-id=\"id-11\"><div class=\"gridblock-grid-element gridblock-element-inner\" data-portfolioid=\"3855\"><div class=\"mtheme-post-like-wrap\"><div class=\"mtheme-post-like \"><div class=\"post-link-count-wrap\" data-count_id=\"3855\"><span class=\"post-like-count\">0<\/span><\/div><span class=\"vote-ready\" data-post_id=\"3855\">\n\t\t\t\t\t<span class=\"mtheme-like like-vote-icon like-notvoted animation-standby animated\"><i class=\"vote-like-icon ion-ios-heart-outline\"><\/i><\/span>\n\t\t\t\t\t<\/span><\/div><\/div><div class=\"gridblock-background-hover\"><a  class=\"gridblock-sole-link\" href=\"https:\/\/janoplt.com\/en\/portfolios\/series-transience\/\"><div class=\"gridblock-links-wrap box-title-\"><span class=\"column-gridblock-icon\"><span class=\"hover-icon-effect\"><i class=\"ion-ios-plus-empty\"><\/i><\/span><\/span><\/div><\/a><\/div><img decoding=\"async\" src=\"https:\/\/janoplt.com\/wp-content\/themes\/blacksilver\/images\/placeholders\/placeholder-770x550.gif\" data-src=\"https:\/\/janoplt.com\/wp-content\/uploads\/2023\/06\/msgm2fiv_1_IMG_6404-Edit-770x550.jpg\" alt=\"\" class=\"displayed-image lazyload\"\/><\/div><div class=\"work-details\"><h4><a  href=\"https:\/\/janoplt.com\/en\/portfolios\/series-transience\/\">Series &#8220;Transience&#8221;<\/a><\/h4><p class=\"entry-content work-description\"><\/p><\/div><\/div><\/div><\/div>\t\t<\/div>\n\t\t\t\t<\/div>\n\t\t\t\t<div class=\"elementor-element elementor-element-b832f87 elementor-widget elementor-widget-text-editor\" data-id=\"b832f87\" data-element_type=\"widget\" data-widget_type=\"text-editor.default\">\n\t\t\t\t<div class=\"elementor-widget-container\">\n\t\t\t\t\t\t\tWhat platforms can you find me on next?\n<ul>\n \t<li><a href=\"https:\/\/www.patreon.com\/JanOplt\" target=\"_blank\" rel=\"noopener\">Patreon<\/a><\/li>\n \t<li style=\"font-size: 16px;\"><a style=\"font-size: 16px;\" href=\"https:\/\/www.instagram.com\/epesartist\/\" target=\"_blank\" rel=\"noopener\">Instagram<\/a><\/li>\n \t<li style=\"font-size: 16px;\"><a href=\"https:\/\/www.youtube.com\/@janopltart\" target=\"_blank\" rel=\"noopener\">Youtube<\/a><\/li>\n \t<li><a href=\"https:\/\/www.behance.net\/janoplt\" target=\"_blank\" rel=\"noopener\">Behance<\/a><\/li>\n \t<li><a href=\"https:\/\/youpic.com\/photographer\/JanOplt\/\" target=\"_blank\" rel=\"noopener\">Youpic<\/a><\/li>\n \t<li><a href=\"https:\/\/kavyar.com\/dudawcbxglh7\" target=\"_blank\" rel=\"noopener\">Kavyar<\/a><\/li>\n<\/ul>\t\t\t\t\t\t<\/div>\n\t\t\t\t<\/div>\n\t\t\t\t\t<\/div>\n\t\t<\/div>\n\t\t\t\t\t\t\t<\/div>\n\t\t<\/section>\n\t\t\t\t\t\t\t<\/div>\n\t\t","protected":false},"excerpt":{"rendered":"<p>Portfolio: Here you can find a portfolio of my best visual work from 2016. There are themes here that I have felt the need to flesh out into these smaller or larger series over the years. Many of them are very meaningful to me and they were often created with models I know personally, women and girls from my close surroundings, whom I thank incredibly for their cooperation and realization of often very unconventional and bold motifs. 1 Portfolio portr\u00e9t\u016f [&hellip;]<\/p>\n","protected":false},"author":2,"featured_media":3704,"parent":0,"menu_order":0,"comment_status":"closed","ping_status":"closed","template":"","meta":{"om_disable_all_campaigns":false,"_monsterinsights_skip_tracking":false,"_monsterinsights_sitenote_active":false,"_monsterinsights_sitenote_note":"","_monsterinsights_sitenote_category":0},"_links":{"self":[{"href":"https:\/\/janoplt.com\/en\/wp-json\/wp\/v2\/pages\/3818"}],"collection":[{"href":"https:\/\/janoplt.com\/en\/wp-json\/wp\/v2\/pages"}],"about":[{"href":"https:\/\/janoplt.com\/en\/wp-json\/wp\/v2\/types\/page"}],"author":[{"embeddable":true,"href":"https:\/\/janoplt.com\/en\/wp-json\/wp\/v2\/users\/2"}],"replies":[{"embeddable":true,"href":"https:\/\/janoplt.com\/en\/wp-json\/wp\/v2\/comments?post=3818"}],"version-history":[{"count":0,"href":"https:\/\/janoplt.com\/en\/wp-json\/wp\/v2\/pages\/3818\/revisions"}],"wp:featuredmedia":[{"embeddable":true,"href":"https:\/\/janoplt.com\/en\/wp-json\/wp\/v2\/media\/3704"}],"wp:attachment":[{"href":"https:\/\/janoplt.com\/en\/wp-json\/wp\/v2\/media?parent=3818"}],"curies":[{"name":"wp","href":"https:\/\/api.w.org\/{rel}","templated":true}]}}